{"id":224,"date":"2025-04-03T06:40:08","date_gmt":"2025-04-03T04:40:08","guid":{"rendered":"https:\/\/elephantroomfilms.com\/?page_id=224"},"modified":"2025-07-22T20:39:30","modified_gmt":"2025-07-22T18:39:30","slug":"quienes-somos","status":"publish","type":"page","link":"https:\/\/elephantroomfilms.com\/?page_id=224","title":{"rendered":"Qui\u00e9nes Somos"},"content":{"rendered":"\t\t<div data-elementor-type=\"wp-page\" data-elementor-id=\"224\" class=\"elementor elementor-224\" data-elementor-post-type=\"page\">\n\t\t\t\t<div class=\"elementor-element elementor-element-7230c5a9 e-flex e-con-boxed e-con e-parent\" data-id=\"7230c5a9\" data-element_type=\"container\" data-e-type=\"container\" data-settings=\"{&quot;background_background&quot;:&quot;classic&quot;}\">\n\t\t\t\t\t<div class=\"e-con-inner\">\n\t\t\t\t<div class=\"elementor-element elementor-element-754f31a8 elementor-widget elementor-widget-heading\" data-id=\"754f31a8\" data-element_type=\"widget\" data-e-type=\"widget\" data-widget_type=\"heading.default\">\n\t\t\t\t<div class=\"elementor-widget-container\">\n\t\t\t\t\t<h2 class=\"elementor-heading-title elementor-size-default\">Elephant Room Films<\/h2>\t\t\t\t<\/div>\n\t\t\t\t<\/div>\n\t\t\t\t\t<\/div>\n\t\t\t\t<\/div>\n\t\t<div class=\"elementor-element elementor-element-218cd666 e-flex e-con-boxed e-con e-parent\" data-id=\"218cd666\" data-element_type=\"container\" data-e-type=\"container\">\n\t\t\t\t\t<div class=\"e-con-inner\">\n\t\t<div class=\"elementor-element elementor-element-1b8099d1 e-con-full e-flex e-con e-child\" data-id=\"1b8099d1\" data-element_type=\"container\" data-e-type=\"container\">\n\t\t<div class=\"elementor-element elementor-element-41140934 e-con-full e-flex e-con e-child\" data-id=\"41140934\" data-element_type=\"container\" data-e-type=\"container\">\n\t\t\t\t<div class=\"elementor-element elementor-element-42a0cd0c elementor-widget elementor-widget-text-editor\" data-id=\"42a0cd0c\" data-element_type=\"widget\" data-e-type=\"widget\" data-widget_type=\"text-editor.default\">\n\t\t\t\t<div class=\"elementor-widget-container\">\n\t\t\t\t\t\t\t\t\t<p><b>Lo humano, en el centro<\/b><\/p><p><span style=\"font-weight: 400;\">Creamos con intenci\u00f3n, criterio y respeto. Por quienes conf\u00edan en que <\/span><b>contemos su historia.<\/b><span style=\"font-weight: 400;\"> Y por quienes la hacen posible.\u00a0<\/span><\/p><p><span style=\"font-weight: 400;\">Detr\u00e1s de cada plano hay una relaci\u00f3n. Una mirada. Una responsabilidad. <\/span><b>Lo visual, la narrativa y lo real<\/b><span style=\"font-weight: 400;\"> al servicio de lo humano.<\/span><\/p>\t\t\t\t\t\t\t\t<\/div>\n\t\t\t\t<\/div>\n\t\t\t\t<\/div>\n\t\t\t\t<\/div>\n\t\t\t\t\t<\/div>\n\t\t\t\t<\/div>\n\t\t<div class=\"elementor-element elementor-element-7c69363 e-con-full e-flex e-con e-child\" data-id=\"7c69363\" data-element_type=\"container\" data-e-type=\"container\">\n\t\t<div class=\"elementor-element elementor-element-7e56ae2 e-con-full animated-slow contenedor e-flex elementor-invisible e-con e-child\" data-id=\"7e56ae2\" data-element_type=\"container\" data-e-type=\"container\" data-settings=\"{&quot;background_background&quot;:&quot;classic&quot;,&quot;animation&quot;:&quot;fadeInLeft&quot;}\">\n\t\t\t\t<div class=\"elementor-element elementor-element-35e8546 elementor-widget elementor-widget-icon-box\" data-id=\"35e8546\" data-element_type=\"widget\" data-e-type=\"widget\" data-widget_type=\"icon-box.default\">\n\t\t\t\t<div class=\"elementor-widget-container\">\n\t\t\t\t\t\t\t<div class=\"elementor-icon-box-wrapper\">\n\n\t\t\t\n\t\t\t\t\t\t<div class=\"elementor-icon-box-content\">\n\n\t\t\t\t\t\t\t\t\t<h4 class=\"elementor-icon-box-title\">\n\t\t\t\t\t\t<span  >\n\t\t\t\t\t\t\tFilosof\u00eda\t\t\t\t\t\t<\/span>\n\t\t\t\t\t<\/h4>\n\t\t\t\t\n\t\t\t\t\n\t\t\t<\/div>\n\t\t\t\n\t\t<\/div>\n\t\t\t\t\t\t<\/div>\n\t\t\t\t<\/div>\n\t\t\t\t<div class=\"elementor-element elementor-element-672441c simbolo elementor-widget elementor-widget-icon-box\" data-id=\"672441c\" data-element_type=\"widget\" data-e-type=\"widget\" data-widget_type=\"icon-box.default\">\n\t\t\t\t<div class=\"elementor-widget-container\">\n\t\t\t\t\t\t\t<div class=\"elementor-icon-box-wrapper\">\n\n\t\t\t\n\t\t\t\t\t\t<div class=\"elementor-icon-box-content\">\n\n\t\t\t\t\n\t\t\t\t\t\t\t\t\t<p class=\"elementor-icon-box-description\">\n\t\t\t\t\t\tHay un Elephant en la **** habitaci\u00f3n: una visi\u00f3n art\u00edstica \u00fanica y un compromiso inquebrantable con la excelencia creativa. Cada proyecto es una oportunidad. Contar historias que trascienden, emocionando y conectan. Pasi\u00f3n y detalle, grabados en tu retina.\t\t\t\t\t<\/p>\n\t\t\t\t\n\t\t\t<\/div>\n\t\t\t\n\t\t<\/div>\n\t\t\t\t\t\t<\/div>\n\t\t\t\t<\/div>\n\t\t\t\t<\/div>\n\t\t<div class=\"elementor-element elementor-element-f4e99d7 e-con-full animated-slow contenedor e-flex elementor-invisible e-con e-child\" data-id=\"f4e99d7\" data-element_type=\"container\" data-e-type=\"container\" data-settings=\"{&quot;background_background&quot;:&quot;classic&quot;,&quot;animation&quot;:&quot;fadeInLeft&quot;}\">\n\t\t\t\t<div class=\"elementor-element elementor-element-6810033 elementor-widget elementor-widget-icon-box\" data-id=\"6810033\" data-element_type=\"widget\" data-e-type=\"widget\" data-widget_type=\"icon-box.default\">\n\t\t\t\t<div class=\"elementor-widget-container\">\n\t\t\t\t\t\t\t<div class=\"elementor-icon-box-wrapper\">\n\n\t\t\t\n\t\t\t\t\t\t<div class=\"elementor-icon-box-content\">\n\n\t\t\t\t\t\t\t\t\t<h4 class=\"elementor-icon-box-title\">\n\t\t\t\t\t\t<span  >\n\t\t\t\t\t\t\texperiencia\t\t\t\t\t\t<\/span>\n\t\t\t\t\t<\/h4>\n\t\t\t\t\n\t\t\t\t\n\t\t\t<\/div>\n\t\t\t\n\t\t<\/div>\n\t\t\t\t\t\t<\/div>\n\t\t\t\t<\/div>\n\t\t\t\t<div class=\"elementor-element elementor-element-99a266b simbolo elementor-widget elementor-widget-icon-box\" data-id=\"99a266b\" data-element_type=\"widget\" data-e-type=\"widget\" data-widget_type=\"icon-box.default\">\n\t\t\t\t<div class=\"elementor-widget-container\">\n\t\t\t\t\t\t\t<div class=\"elementor-icon-box-wrapper\">\n\n\t\t\t\n\t\t\t\t\t\t<div class=\"elementor-icon-box-content\">\n\n\t\t\t\t\n\t\t\t\t\t\t\t\t\t<p class=\"elementor-icon-box-description\">\n\t\t\t\t\t\tColeccionistas de experiencias. Desde el guion hasta la pantalla. Un enfoque honesto, integral y efectivo, transformando ideas poli\u00e9dricas en historias inolvidables.\t\t\t\t\t<\/p>\n\t\t\t\t\n\t\t\t<\/div>\n\t\t\t\n\t\t<\/div>\n\t\t\t\t\t\t<\/div>\n\t\t\t\t<\/div>\n\t\t\t\t<\/div>\n\t\t<div class=\"elementor-element elementor-element-bfbfe3a e-con-full animated-slow contenedor e-flex elementor-invisible e-con e-child\" data-id=\"bfbfe3a\" data-element_type=\"container\" data-e-type=\"container\" data-settings=\"{&quot;background_background&quot;:&quot;classic&quot;,&quot;animation&quot;:&quot;fadeInLeft&quot;}\">\n\t\t\t\t<div class=\"elementor-element elementor-element-52709a2 elementor-widget elementor-widget-icon-box\" data-id=\"52709a2\" data-element_type=\"widget\" data-e-type=\"widget\" data-widget_type=\"icon-box.default\">\n\t\t\t\t<div class=\"elementor-widget-container\">\n\t\t\t\t\t\t\t<div class=\"elementor-icon-box-wrapper\">\n\n\t\t\t\n\t\t\t\t\t\t<div class=\"elementor-icon-box-content\">\n\n\t\t\t\t\t\t\t\t\t<h4 class=\"elementor-icon-box-title\">\n\t\t\t\t\t\t<span  >\n\t\t\t\t\t\t\tglobal\t\t\t\t\t\t<\/span>\n\t\t\t\t\t<\/h4>\n\t\t\t\t\n\t\t\t\t\n\t\t\t<\/div>\n\t\t\t\n\t\t<\/div>\n\t\t\t\t\t\t<\/div>\n\t\t\t\t<\/div>\n\t\t\t\t<div class=\"elementor-element elementor-element-4f825b7 simbolo elementor-widget elementor-widget-icon-box\" data-id=\"4f825b7\" data-element_type=\"widget\" data-e-type=\"widget\" data-widget_type=\"icon-box.default\">\n\t\t\t\t<div class=\"elementor-widget-container\">\n\t\t\t\t\t\t\t<div class=\"elementor-icon-box-wrapper\">\n\n\t\t\t\n\t\t\t\t\t\t<div class=\"elementor-icon-box-content\">\n\n\t\t\t\t\n\t\t\t\t\t\t\t\t\t<p class=\"elementor-icon-box-description\">\n\t\t\t\t\t\tUna red global de talento, personas \u00fanicas con una manera inspiradora de enfrentarse al mundo y de producir. Creamos juntos, soluciones creativas a necesidades espec\u00edficas, captando la esencia cultural de cada proyecto.\t\t\t\t\t<\/p>\n\t\t\t\t\n\t\t\t<\/div>\n\t\t\t\n\t\t<\/div>\n\t\t\t\t\t\t<\/div>\n\t\t\t\t<\/div>\n\t\t\t\t<\/div>\n\t\t<div class=\"elementor-element elementor-element-8c75a02 e-con-full animated-slow contenedor e-flex elementor-invisible e-con e-child\" data-id=\"8c75a02\" data-element_type=\"container\" data-e-type=\"container\" data-settings=\"{&quot;background_background&quot;:&quot;classic&quot;,&quot;animation&quot;:&quot;fadeInLeft&quot;}\">\n\t\t\t\t<div class=\"elementor-element elementor-element-859b26f elementor-widget elementor-widget-icon-box\" data-id=\"859b26f\" data-element_type=\"widget\" data-e-type=\"widget\" data-widget_type=\"icon-box.default\">\n\t\t\t\t<div class=\"elementor-widget-container\">\n\t\t\t\t\t\t\t<div class=\"elementor-icon-box-wrapper\">\n\n\t\t\t\n\t\t\t\t\t\t<div class=\"elementor-icon-box-content\">\n\n\t\t\t\t\t\t\t\t\t<h4 class=\"elementor-icon-box-title\">\n\t\t\t\t\t\t<span  >\n\t\t\t\t\t\t\tM\u00e1s\t\t\t\t\t\t<\/span>\n\t\t\t\t\t<\/h4>\n\t\t\t\t\n\t\t\t\t\n\t\t\t<\/div>\n\t\t\t\n\t\t<\/div>\n\t\t\t\t\t\t<\/div>\n\t\t\t\t<\/div>\n\t\t\t\t<div class=\"elementor-element elementor-element-53fdc88 simbolo elementor-widget elementor-widget-icon-box\" data-id=\"53fdc88\" data-element_type=\"widget\" data-e-type=\"widget\" data-widget_type=\"icon-box.default\">\n\t\t\t\t<div class=\"elementor-widget-container\">\n\t\t\t\t\t\t\t<div class=\"elementor-icon-box-wrapper\">\n\n\t\t\t\n\t\t\t\t\t\t<div class=\"elementor-icon-box-content\">\n\n\t\t\t\t\n\t\t\t\t\t\t\t\t\t<p class=\"elementor-icon-box-description\">\n\t\t\t\t\t\tM\u00e1s que producci\u00f3n, una experiencia compartida. No solo creamos pel\u00edculas, sino experiencias memorables. Nos apasiona el arte de contar historias y s\u00f3lo nos damos por satisfechos cuando inspira, conmueve y permanece en la memoria.\t\t\t\t\t<\/p>\n\t\t\t\t\n\t\t\t<\/div>\n\t\t\t\n\t\t<\/div>\n\t\t\t\t\t\t<\/div>\n\t\t\t\t<\/div>\n\t\t\t\t<\/div>\n\t\t\t\t<\/div>\n\t\t<div class=\"elementor-element elementor-element-a3a9eac e-flex e-con-boxed e-con e-parent\" data-id=\"a3a9eac\" data-element_type=\"container\" data-e-type=\"container\">\n\t\t\t\t\t<div class=\"e-con-inner\">\n\t\t<div class=\"elementor-element elementor-element-f8e3fda e-con-full e-flex e-con e-child\" data-id=\"f8e3fda\" data-element_type=\"container\" data-e-type=\"container\">\n\t\t<div class=\"elementor-element elementor-element-966bd19 e-con-full e-flex e-con e-child\" data-id=\"966bd19\" data-element_type=\"container\" data-e-type=\"container\">\n\t\t\t\t<div class=\"elementor-element elementor-element-77b62a3 animated-slow elementor-invisible elementor-widget elementor-widget-heading\" data-id=\"77b62a3\" data-element_type=\"widget\" data-e-type=\"widget\" data-settings=\"{&quot;_animation&quot;:&quot;fadeInUp&quot;}\" data-widget_type=\"heading.default\">\n\t\t\t\t<div class=\"elementor-widget-container\">\n\t\t\t\t\t<h2 class=\"elementor-heading-title elementor-size-default\">in - house<\/h2>\t\t\t\t<\/div>\n\t\t\t\t<\/div>\n\t\t\t\t<\/div>\n\t\t\t\t<\/div>\n\t\t\t\t\t<\/div>\n\t\t\t\t<\/div>\n\t\t<div class=\"elementor-element elementor-element-bf1b0d6 e-flex e-con-boxed e-con e-parent\" data-id=\"bf1b0d6\" data-element_type=\"container\" data-e-type=\"container\">\n\t\t\t\t\t<div class=\"e-con-inner\">\n\t\t<div class=\"elementor-element elementor-element-a338853 e-con-full e-flex e-con e-child\" data-id=\"a338853\" data-element_type=\"container\" data-e-type=\"container\">\n\t\t\t\t<div class=\"elementor-element elementor-element-e717fa5 elementor-widget elementor-widget-video\" data-id=\"e717fa5\" data-element_type=\"widget\" data-e-type=\"widget\" data-settings=\"{&quot;video_type&quot;:&quot;vimeo&quot;}\" data-widget_type=\"video.default\">\n\t\t\t\t<div class=\"elementor-widget-container\">\n\t\t\t\t\t\t\t<div class=\"elementor-wrapper elementor-open-inline\">\n\t\t\t<iframe class=\"elementor-video-iframe\" allowfullscreen allow=\"clipboard-write\" title=\"Reproductor de v\u00eddeo vimeo\" src=\"https:\/\/player.vimeo.com\/video\/1062014873?color&amp;autopause=0&amp;loop=0&amp;muted=0&amp;title=1&amp;portrait=1&amp;byline=1#t=\"><\/iframe>\t\t<\/div>\n\t\t\t\t\t\t<\/div>\n\t\t\t\t<\/div>\n\t\t\t\t<\/div>\n\t\t<div class=\"elementor-element elementor-element-ea4ed5e e-con-full e-flex e-con e-child\" data-id=\"ea4ed5e\" data-element_type=\"container\" data-e-type=\"container\">\n\t\t\t\t<div class=\"elementor-element elementor-element-75bca86 elementor-widget elementor-widget-text-editor\" data-id=\"75bca86\" data-element_type=\"widget\" data-e-type=\"widget\" data-widget_type=\"text-editor.default\">\n\t\t\t\t<div class=\"elementor-widget-container\">\n\t\t\t\t\t\t\t\t\t<h4><b>LAS CUCARACHAS<\/b><\/h4><p><span style=\"font-weight: 400;\">Sof\u00eda tiene un bar heredado de sus padres en su barrio de toda la vida. Un d\u00eda se ve obligada a socorrer a Manuel, cliente habitual del bar, que ha sido v\u00edctima de un asalto. Le acoge en su casa por una noche pero parece que luego Manuel es reacio a marcharse . Sof\u00eda no est\u00e1 en un buen momento, no logra superar la muerte de sus padres, tres a\u00f1os atr\u00e1s, le cuesta ver al otro. Un golpe de realidad le abrir\u00e1 los ojos y ambos encontrar\u00e1n en esa convivencia una posibilidad transformadora.\u201c\u00a0 \u00a0 \u00a0 \u00a0 \u00a0 \u00a0 \u00a0 \u00a0 \u00a0 \u00a0 \u00a0 \u00a0 \u00a0 \u00a0 \u00a0 \u00a0 \u00a0 \u00a0 \u00a0 \u00a0 \u00a0 \u00a0 \u00a0 \u00a0 \u00a0 \u00a0 \u00a0 \u00a0 \u00a0 \u00a0 \u00a0 \u00a0 \u00a0 Las cucarachas\u201d, \u00f3pera prima como directora de la actriz aragonesa Ainhoa Aldanondo (Apag\u00f3n, La zona) es un cortometraje rodado \u00edntegramente en la provincia de Zaragoza que ha contado con una ayuda a la producci\u00f3n de la Diputaci\u00f3n Provincial de Zaragoza.<\/span><\/p><p><span style=\"font-weight: 400;\">La cinta se ha rodado en localizaciones de Zaragoza, fundamentalmente en el Barrio Oliver y Delicias, y algunas zonas de Utebo y Casetas. Asimismo, una secuencia se film\u00f3 en el centro de salud de Villamayor.<\/span><\/p>\t\t\t\t\t\t\t\t<\/div>\n\t\t\t\t<\/div>\n\t\t\t\t<\/div>\n\t\t\t\t\t<\/div>\n\t\t\t\t<\/div>\n\t\t<div class=\"elementor-element elementor-element-463d533 e-flex e-con-boxed e-con e-parent\" data-id=\"463d533\" data-element_type=\"container\" data-e-type=\"container\">\n\t\t\t\t\t<div class=\"e-con-inner\">\n\t\t<div class=\"elementor-element elementor-element-33db547 e-con-full e-flex e-con e-child\" data-id=\"33db547\" data-element_type=\"container\" data-e-type=\"container\">\n\t\t\t\t<div class=\"elementor-element elementor-element-c9030ad elementor-widget elementor-widget-text-editor\" data-id=\"c9030ad\" data-element_type=\"widget\" data-e-type=\"widget\" data-widget_type=\"text-editor.default\">\n\t\t\t\t<div class=\"elementor-widget-container\">\n\t\t\t\t\t\t\t\t\t<h4><b>\u00c1RIDO<\/b><\/h4><p><span style=\"font-weight: 400;\">Un ganadero va con su moto de vuelta a casa despu\u00e9s de un largo d\u00eda de trabajo. Una mujer est\u00e1 parada en medio del camino junto a su coche; acaba de pinchar una rueda. Dos personas que no deb\u00edan de encontrarse lo hacen por azar. \u00c9l decide ayudarle a cambiar la rueda. Lo que no sabe es que su amabilidad le enfrentar\u00e1 a una situaci\u00f3n de vida o muerte.<\/span><\/p><p><span style=\"font-weight: 400;\">Festival de Cine y Comedia de Tarazona y el Moncayo (Espa\u00f1a \/ Spain) [2022]<\/span><\/p><ul><li style=\"font-weight: 400;\" aria-level=\"1\"><span style=\"font-weight: 400;\">FILMETS \u2013 Badalona Film Festival (Espa\u00f1a \/ Spain) [2022]<\/span><\/li><li style=\"font-weight: 400;\" aria-level=\"1\"><span style=\"font-weight: 400;\">In-FCTA \u2013 Festival de Cinema de la Terra Alta (Espa\u00f1a \/ Spain) [2022]<\/span><\/li><li style=\"font-weight: 400;\" aria-level=\"1\"><span style=\"font-weight: 400;\">Luces Cameros Acci\u00f3n (Espa\u00f1a \/ Spain) [2022]<\/span><\/li><li style=\"font-weight: 400;\" aria-level=\"1\"><span style=\"font-weight: 400;\">Festival de Cortometrajes Km 666 (Espa\u00f1a \/ Spain) [2022]<\/span><\/li><li style=\"font-weight: 400;\" aria-level=\"1\"><span style=\"font-weight: 400;\">Aaretaler Kurzfilmtage (Suiza \/ Switzerland) [2023]<\/span><\/li><\/ul>\t\t\t\t\t\t\t\t<\/div>\n\t\t\t\t<\/div>\n\t\t\t\t<\/div>\n\t\t<div class=\"elementor-element elementor-element-6ced7e1 e-con-full e-flex e-con e-child\" data-id=\"6ced7e1\" data-element_type=\"container\" data-e-type=\"container\">\n\t\t\t\t<div class=\"elementor-element elementor-element-9fd63ba elementor-widget elementor-widget-video\" data-id=\"9fd63ba\" data-element_type=\"widget\" data-e-type=\"widget\" data-settings=\"{&quot;video_type&quot;:&quot;vimeo&quot;}\" data-widget_type=\"video.default\">\n\t\t\t\t<div class=\"elementor-widget-container\">\n\t\t\t\t\t\t\t<div class=\"elementor-wrapper elementor-open-inline\">\n\t\t\t<iframe class=\"elementor-video-iframe\" allowfullscreen allow=\"clipboard-write\" title=\"Reproductor de v\u00eddeo vimeo\" src=\"https:\/\/player.vimeo.com\/video\/833605706?color&amp;autopause=0&amp;loop=0&amp;muted=0&amp;title=1&amp;portrait=1&amp;byline=1#t=\"><\/iframe>\t\t<\/div>\n\t\t\t\t\t\t<\/div>\n\t\t\t\t<\/div>\n\t\t\t\t<\/div>\n\t\t\t\t\t<\/div>\n\t\t\t\t<\/div>\n\t\t\t\t<\/div>\n\t\t","protected":false},"excerpt":{"rendered":"<p>Elephant Room Films Lo humano, en el centro Creamos con intenci\u00f3n, criterio y respeto. Por quienes conf\u00edan en que contemos su historia. Y por quienes la hacen posible.\u00a0 Detr\u00e1s de cada plano hay una relaci\u00f3n. Una mirada. Una responsabilidad. Lo visual, la narrativa y lo real al servicio de lo humano. Filosof\u00eda Hay un Elephant [&hellip;]<\/p>\n","protected":false},"author":12,"featured_media":0,"parent":0,"menu_order":0,"comment_status":"closed","ping_status":"closed","template":"","meta":{"footnotes":""},"class_list":["post-224","page","type-page","status-publish","hentry"],"yoast_head":"<!-- This site is optimized with the Yoast SEO plugin v27.5 - https:\/\/yoast.com\/product\/yoast-seo-wordpress\/ -->\n<title>Qui\u00e9nes Somos - Elephant Room Films<\/title>\n<meta name=\"robots\" content=\"index, follow, max-snippet:-1, max-image-preview:large, max-video-preview:-1\" \/>\n<link rel=\"canonical\" href=\"https:\/\/elephantroomfilms.com\/?page_id=224\" \/>\n<meta property=\"og:locale\" content=\"es_ES\" \/>\n<meta property=\"og:type\" content=\"article\" \/>\n<meta property=\"og:title\" content=\"Qui\u00e9nes Somos - Elephant Room Films\" \/>\n<meta property=\"og:description\" content=\"Elephant Room Films Lo humano, en el centro Creamos con intenci\u00f3n, criterio y respeto. Por quienes conf\u00edan en que contemos su historia. Y por quienes la hacen posible.\u00a0 Detr\u00e1s de cada plano hay una relaci\u00f3n. Una mirada. Una responsabilidad. Lo visual, la narrativa y lo real al servicio de lo humano. Filosof\u00eda Hay un Elephant [&hellip;]\" \/>\n<meta property=\"og:url\" content=\"https:\/\/elephantroomfilms.com\/?page_id=224\" \/>\n<meta property=\"og:site_name\" content=\"Elephant Room Films\" \/>\n<meta property=\"article:modified_time\" content=\"2025-07-22T18:39:30+00:00\" \/>\n<meta name=\"twitter:card\" content=\"summary_large_image\" \/>\n<meta name=\"twitter:label1\" content=\"Tiempo de lectura\" \/>\n\t<meta name=\"twitter:data1\" content=\"2 minutos\" \/>\n<script type=\"application\/ld+json\" class=\"yoast-schema-graph\">{\"@context\":\"https:\\\/\\\/schema.org\",\"@graph\":[{\"@type\":\"WebPage\",\"@id\":\"https:\\\/\\\/elephantroomfilms.com\\\/?page_id=224\",\"url\":\"https:\\\/\\\/elephantroomfilms.com\\\/?page_id=224\",\"name\":\"Qui\u00e9nes Somos - Elephant Room Films\",\"isPartOf\":{\"@id\":\"https:\\\/\\\/elephantroomfilms.com\\\/#website\"},\"datePublished\":\"2025-04-03T04:40:08+00:00\",\"dateModified\":\"2025-07-22T18:39:30+00:00\",\"breadcrumb\":{\"@id\":\"https:\\\/\\\/elephantroomfilms.com\\\/?page_id=224#breadcrumb\"},\"inLanguage\":\"es\",\"potentialAction\":[{\"@type\":\"ReadAction\",\"target\":[\"https:\\\/\\\/elephantroomfilms.com\\\/?page_id=224\"]}]},{\"@type\":\"BreadcrumbList\",\"@id\":\"https:\\\/\\\/elephantroomfilms.com\\\/?page_id=224#breadcrumb\",\"itemListElement\":[{\"@type\":\"ListItem\",\"position\":1,\"name\":\"Portada\",\"item\":\"https:\\\/\\\/elephantroomfilms.com\\\/\"},{\"@type\":\"ListItem\",\"position\":2,\"name\":\"Qui\u00e9nes Somos\"}]},{\"@type\":\"WebSite\",\"@id\":\"https:\\\/\\\/elephantroomfilms.com\\\/#website\",\"url\":\"https:\\\/\\\/elephantroomfilms.com\\\/\",\"name\":\"Elephant Room Films\",\"description\":\"Estudio audiovisual en Colmenar Viejo\",\"publisher\":{\"@id\":\"https:\\\/\\\/elephantroomfilms.com\\\/#organization\"},\"potentialAction\":[{\"@type\":\"SearchAction\",\"target\":{\"@type\":\"EntryPoint\",\"urlTemplate\":\"https:\\\/\\\/elephantroomfilms.com\\\/?s={search_term_string}\"},\"query-input\":{\"@type\":\"PropertyValueSpecification\",\"valueRequired\":true,\"valueName\":\"search_term_string\"}}],\"inLanguage\":\"es\"},{\"@type\":\"Organization\",\"@id\":\"https:\\\/\\\/elephantroomfilms.com\\\/#organization\",\"name\":\"Elephant Room Films\",\"url\":\"https:\\\/\\\/elephantroomfilms.com\\\/\",\"logo\":{\"@type\":\"ImageObject\",\"inLanguage\":\"es\",\"@id\":\"https:\\\/\\\/elephantroomfilms.com\\\/#\\\/schema\\\/logo\\\/image\\\/\",\"url\":\"https:\\\/\\\/elephantroomfilms.com\\\/wp-content\\\/uploads\\\/2025\\\/04\\\/logoelep.png\",\"contentUrl\":\"https:\\\/\\\/elephantroomfilms.com\\\/wp-content\\\/uploads\\\/2025\\\/04\\\/logoelep.png\",\"width\":2148,\"height\":1313,\"caption\":\"Elephant Room Films\"},\"image\":{\"@id\":\"https:\\\/\\\/elephantroomfilms.com\\\/#\\\/schema\\\/logo\\\/image\\\/\"}}]}<\/script>\n<!-- \/ Yoast SEO plugin. -->","yoast_head_json":{"title":"Qui\u00e9nes Somos - Elephant Room Films","robots":{"index":"index","follow":"follow","max-snippet":"max-snippet:-1","max-image-preview":"max-image-preview:large","max-video-preview":"max-video-preview:-1"},"canonical":"https:\/\/elephantroomfilms.com\/?page_id=224","og_locale":"es_ES","og_type":"article","og_title":"Qui\u00e9nes Somos - Elephant Room Films","og_description":"Elephant Room Films Lo humano, en el centro Creamos con intenci\u00f3n, criterio y respeto. Por quienes conf\u00edan en que contemos su historia. Y por quienes la hacen posible.\u00a0 Detr\u00e1s de cada plano hay una relaci\u00f3n. Una mirada. Una responsabilidad. Lo visual, la narrativa y lo real al servicio de lo humano. Filosof\u00eda Hay un Elephant [&hellip;]","og_url":"https:\/\/elephantroomfilms.com\/?page_id=224","og_site_name":"Elephant Room Films","article_modified_time":"2025-07-22T18:39:30+00:00","twitter_card":"summary_large_image","twitter_misc":{"Tiempo de lectura":"2 minutos"},"schema":{"@context":"https:\/\/schema.org","@graph":[{"@type":"WebPage","@id":"https:\/\/elephantroomfilms.com\/?page_id=224","url":"https:\/\/elephantroomfilms.com\/?page_id=224","name":"Qui\u00e9nes Somos - Elephant Room Films","isPartOf":{"@id":"https:\/\/elephantroomfilms.com\/#website"},"datePublished":"2025-04-03T04:40:08+00:00","dateModified":"2025-07-22T18:39:30+00:00","breadcrumb":{"@id":"https:\/\/elephantroomfilms.com\/?page_id=224#breadcrumb"},"inLanguage":"es","potentialAction":[{"@type":"ReadAction","target":["https:\/\/elephantroomfilms.com\/?page_id=224"]}]},{"@type":"BreadcrumbList","@id":"https:\/\/elephantroomfilms.com\/?page_id=224#breadcrumb","itemListElement":[{"@type":"ListItem","position":1,"name":"Portada","item":"https:\/\/elephantroomfilms.com\/"},{"@type":"ListItem","position":2,"name":"Qui\u00e9nes Somos"}]},{"@type":"WebSite","@id":"https:\/\/elephantroomfilms.com\/#website","url":"https:\/\/elephantroomfilms.com\/","name":"Elephant Room Films","description":"Estudio audiovisual en Colmenar Viejo","publisher":{"@id":"https:\/\/elephantroomfilms.com\/#organization"},"potentialAction":[{"@type":"SearchAction","target":{"@type":"EntryPoint","urlTemplate":"https:\/\/elephantroomfilms.com\/?s={search_term_string}"},"query-input":{"@type":"PropertyValueSpecification","valueRequired":true,"valueName":"search_term_string"}}],"inLanguage":"es"},{"@type":"Organization","@id":"https:\/\/elephantroomfilms.com\/#organization","name":"Elephant Room Films","url":"https:\/\/elephantroomfilms.com\/","logo":{"@type":"ImageObject","inLanguage":"es","@id":"https:\/\/elephantroomfilms.com\/#\/schema\/logo\/image\/","url":"https:\/\/elephantroomfilms.com\/wp-content\/uploads\/2025\/04\/logoelep.png","contentUrl":"https:\/\/elephantroomfilms.com\/wp-content\/uploads\/2025\/04\/logoelep.png","width":2148,"height":1313,"caption":"Elephant Room Films"},"image":{"@id":"https:\/\/elephantroomfilms.com\/#\/schema\/logo\/image\/"}}]}},"_links":{"self":[{"href":"https:\/\/elephantroomfilms.com\/index.php?rest_route=\/wp\/v2\/pages\/224","targetHints":{"allow":["GET"]}}],"collection":[{"href":"https:\/\/elephantroomfilms.com\/index.php?rest_route=\/wp\/v2\/pages"}],"about":[{"href":"https:\/\/elephantroomfilms.com\/index.php?rest_route=\/wp\/v2\/types\/page"}],"author":[{"embeddable":true,"href":"https:\/\/elephantroomfilms.com\/index.php?rest_route=\/wp\/v2\/users\/12"}],"replies":[{"embeddable":true,"href":"https:\/\/elephantroomfilms.com\/index.php?rest_route=%2Fwp%2Fv2%2Fcomments&post=224"}],"version-history":[{"count":25,"href":"https:\/\/elephantroomfilms.com\/index.php?rest_route=\/wp\/v2\/pages\/224\/revisions"}],"predecessor-version":[{"id":731,"href":"https:\/\/elephantroomfilms.com\/index.php?rest_route=\/wp\/v2\/pages\/224\/revisions\/731"}],"wp:attachment":[{"href":"https:\/\/elephantroomfilms.com\/index.php?rest_route=%2Fwp%2Fv2%2Fmedia&parent=224"}],"curies":[{"name":"wp","href":"https:\/\/api.w.org\/{rel}","templated":true}]}}